{"id":170,"date":"2021-05-24T14:21:13","date_gmt":"2021-05-24T14:21:13","guid":{"rendered":"https:\/\/scoalafaraoani.ro\/?page_id=170"},"modified":"2026-02-17T09:55:38","modified_gmt":"2026-02-17T09:55:38","slug":"personal","status":"publish","type":"page","link":"https:\/\/scoalafaraoani.ro\/?page_id=170","title":{"rendered":"Personal"},"content":{"rendered":"\t\t<div data-elementor-type=\"wp-page\" data-elementor-id=\"170\" class=\"elementor elementor-170\" data-elementor-settings=\"{&quot;ha_cmc_init_switcher&quot;:&quot;no&quot;}\">\n\t\t\t\t\t\t<section class=\"elementor-section elementor-top-section elementor-element elementor-element-f924563 elementor-section-boxed elementor-section-height-default elementor-section-height-default\" data-id=\"f924563\" data-element_type=\"section\" data-settings=\"{&quot;_ha_eqh_enable&quot;:false}\">\n\t\t\t\t\t\t<div class=\"elementor-container elementor-column-gap-default\">\n\t\t\t\t\t<div class=\"elementor-column elementor-col-100 elementor-top-column elementor-element elementor-element-2d838c8\" data-id=\"2d838c8\" data-element_type=\"column\">\n\t\t\t<div class=\"elementor-widget-wrap elementor-element-populated\">\n\t\t\t\t\t\t<div class=\"elementor-element elementor-element-0387c3a elementor-widget elementor-widget-heading\" data-id=\"0387c3a\" data-element_type=\"widget\" data-widget_type=\"heading.default\">\n\t\t\t\t<div class=\"elementor-widget-container\">\n\t\t\t\t\t<h1 class=\"elementor-heading-title elementor-size-default\">PERSONAJUL ANGAJAT AL \u015eCOLII GIMNAZIALE NR.1 FARAOANI<\/h1>\t\t\t\t<\/div>\n\t\t\t\t<\/div>\n\t\t\t\t\t<\/div>\n\t\t<\/div>\n\t\t\t\t\t<\/div>\n\t\t<\/section>\n\t\t\t\t<section class=\"elementor-section elementor-top-section elementor-element elementor-element-62d894e elementor-section-boxed elementor-section-height-default elementor-section-height-default\" data-id=\"62d894e\" data-element_type=\"section\" data-settings=\"{&quot;_ha_eqh_enable&quot;:false}\">\n\t\t\t\t\t\t<div class=\"elementor-container elementor-column-gap-default\">\n\t\t\t\t\t<div class=\"elementor-column elementor-col-100 elementor-top-column elementor-element elementor-element-3fc16eb\" data-id=\"3fc16eb\" data-element_type=\"column\">\n\t\t\t<div class=\"elementor-widget-wrap elementor-element-populated\">\n\t\t\t\t\t\t<div class=\"elementor-element elementor-element-883af22 elementor-button-danger elementor-align-center elementor-widget elementor-widget-button\" data-id=\"883af22\" data-element_type=\"widget\" data-widget_type=\"button.default\">\n\t\t\t\t<div class=\"elementor-widget-container\">\n\t\t\t\t\t\t\t\t\t<div class=\"elementor-button-wrapper\">\n\t\t\t\t\t<a class=\"elementor-button elementor-button-link elementor-size-sm\" href=\"http:\/\/scoalafaraoani.ro\/wp-content\/uploads\/2026\/02\/declaratii-interese-cadre-didactice-Scoala-Gimnaziala-Nr.1-Faraoani.pdf\">\n\t\t\t\t\t\t<span class=\"elementor-button-content-wrapper\">\n\t\t\t\t\t\t\t\t\t<span class=\"elementor-button-text\">Declara\u021bi Interese Cadre Didactice<\/span>\n\t\t\t\t\t<\/span>\n\t\t\t\t\t<\/a>\n\t\t\t\t<\/div>\n\t\t\t\t\t\t\t\t<\/div>\n\t\t\t\t<\/div>\n\t\t\t\t\t<\/div>\n\t\t<\/div>\n\t\t\t\t\t<\/div>\n\t\t<\/section>\n\t\t\t\t<section class=\"elementor-section elementor-top-section elementor-element elementor-element-a85a275 elementor-section-boxed elementor-section-height-default elementor-section-height-default\" data-id=\"a85a275\" data-element_type=\"section\" data-settings=\"{&quot;_ha_eqh_enable&quot;:false}\">\n\t\t\t\t\t\t<div class=\"elementor-container elementor-column-gap-default\">\n\t\t\t\t\t<div class=\"elementor-column elementor-col-100 elementor-top-column elementor-element elementor-element-ab1507d\" data-id=\"ab1507d\" data-element_type=\"column\">\n\t\t\t<div class=\"elementor-widget-wrap elementor-element-populated\">\n\t\t\t\t\t\t<div class=\"elementor-element elementor-element-a342bb4 elementor-widget__width-initial elementor-widget elementor-widget-text-editor\" data-id=\"a342bb4\" data-element_type=\"widget\" data-widget_type=\"text-editor.default\">\n\t\t\t\t<div class=\"elementor-widget-container\">\n\t\t\t\t\t\t\t\t\t<table width=\"642\"><tbody><tr><td width=\"58\"><p><strong>Nr.crt.<\/strong><\/p><\/td><td width=\"362\"><p><strong>Numele \u0219i prenumele<\/strong><\/p><\/td><td width=\"222\"><p><strong>Func\u021bia<\/strong><\/p><\/td><\/tr><tr><td width=\"58\"><p>1<\/p><\/td><td width=\"362\"><p>ARUCSANDEI M ANA-MIRELA<\/p><\/td><td width=\"222\"><p>Profesor<\/p><\/td><\/tr><tr><td width=\"58\"><p>2<\/p><\/td><td width=\"362\"><p>BALAN MARIANA<\/p><\/td><td width=\"222\"><p>Profesor<\/p><\/td><\/tr><tr><td width=\"58\"><p>3<\/p><\/td><td width=\"362\"><p>B\u00ceRA CONSTANTIN<\/p><\/td><td width=\"222\"><p>Profesor<\/p><\/td><\/tr><tr><td width=\"58\"><p>4<\/p><\/td><td width=\"362\"><p>BIRO RITA<\/p><\/td><td width=\"222\"><p>Profesor<\/p><\/td><\/tr><tr><td width=\"58\"><p>5<\/p><\/td><td width=\"362\"><p>CADAR EMILIANA<\/p><\/td><td width=\"222\"><p>Profesor \u00eenv.primar<\/p><\/td><\/tr><tr><td width=\"58\"><p>6<\/p><\/td><td width=\"362\"><p>CICEO MIHAELA<\/p><\/td><td width=\"222\"><p>Educator<\/p><\/td><\/tr><tr><td width=\"58\"><p>7<\/p><\/td><td width=\"362\"><p>CIOCOIU ELENA<\/p><\/td><td width=\"222\"><p>Profesor \u00eenv.primar<\/p><\/td><\/tr><tr><td width=\"58\"><p>8<\/p><\/td><td width=\"362\"><p>COMAN LENUTA<\/p><\/td><td width=\"222\"><p>Profesor<\/p><\/td><\/tr><tr><td width=\"58\"><p>9<\/p><\/td><td width=\"362\"><p>COCHIOR-PLE\u0218CAN FELICIA<\/p><\/td><td width=\"222\"><p>Profesor \u00eenv.primar<\/p><\/td><\/tr><tr><td width=\"58\"><p>10<\/p><\/td><td width=\"362\"><p>DIACONU SIMONA<\/p><\/td><td width=\"222\"><p>Profesor \u00eenv.primar<\/p><\/td><\/tr><tr><td width=\"58\"><p>11<\/p><\/td><td width=\"362\"><p>DROB VASILE<\/p><\/td><td width=\"222\"><p>Profesor<\/p><\/td><\/tr><tr><td width=\"58\"><p>12<\/p><\/td><td width=\"362\"><p>FARCA\u0218-LOHAN NICOLETA<\/p><\/td><td width=\"222\"><p>Educator<\/p><\/td><\/tr><tr><td width=\"58\"><p>13<\/p><\/td><td width=\"362\"><p>FLORESCU MIHAELA-RAMONA<\/p><\/td><td width=\"222\"><p>Profesor<\/p><\/td><\/tr><tr><td width=\"58\"><p>14<\/p><\/td><td width=\"362\"><p>IORD\u0102CHIOAIE ANDREI-CIPRIAN<\/p><\/td><td width=\"222\"><p>Profesor<\/p><\/td><\/tr><tr><td width=\"58\"><p>15<\/p><\/td><td width=\"362\"><p>LEONTE ADRIANA<\/p><\/td><td width=\"222\"><p>Profesor \u00eenv.primar<\/p><\/td><\/tr><tr><td width=\"58\"><p>16<\/p><\/td><td width=\"362\"><p>LUCA ELENA-DELIA<\/p><\/td><td width=\"222\"><p>Profesor<\/p><\/td><\/tr><tr><td width=\"58\"><p>17<\/p><\/td><td width=\"362\"><p>LUPI\u0218 FLORINA-OLIMPIA<\/p><\/td><td width=\"222\"><p>Profesor<\/p><\/td><\/tr><tr><td width=\"58\"><p>18<\/p><\/td><td width=\"362\"><p>MIHALACHE ANCA<\/p><\/td><td width=\"222\"><p>Profesor \u00eenv.primar<\/p><\/td><\/tr><tr><td width=\"58\"><p>19<\/p><\/td><td width=\"362\"><p>PANIANOPOL DAN ADRIAN<\/p><\/td><td width=\"222\"><p>Profesor<\/p><\/td><\/tr><tr><td width=\"58\"><p>20<\/p><\/td><td width=\"362\"><p>PAV\u0102L MIRELA<\/p><\/td><td width=\"222\"><p>Profesor<\/p><\/td><\/tr><tr><td width=\"58\"><p>21<\/p><\/td><td width=\"362\"><p>PETRACHE TEREZA-ROZETA<\/p><\/td><td width=\"222\"><p>Educator<\/p><\/td><\/tr><tr><td width=\"58\"><p>22<\/p><\/td><td width=\"362\"><p>PINTILIE OANA-RALUCA<\/p><\/td><td width=\"222\"><p>Profesor \u00eenv.primar<\/p><\/td><\/tr><tr><td width=\"58\"><p>23<\/p><\/td><td width=\"362\"><p>PORUMB CLAUDIA-AURORA<\/p><\/td><td width=\"222\"><p>Profesor<\/p><\/td><\/tr><tr><td width=\"58\"><p>24<\/p><\/td><td width=\"362\"><p>POTOP ANCA-FLORINA<\/p><\/td><td width=\"222\"><p>Profesor<\/p><\/td><\/tr><tr><td width=\"58\"><p>25<\/p><\/td><td width=\"362\"><p>PUI ORSOLYA<\/p><\/td><td width=\"222\"><p>Profesor<\/p><\/td><\/tr><tr><td width=\"58\"><p>26<\/p><\/td><td width=\"362\"><p>PU\u0218CA\u0218U OANA-ALEXANDRA<\/p><\/td><td width=\"222\"><p>Profesor \u00eenv.primar<\/p><\/td><\/tr><tr><td width=\"58\"><p>27<\/p><\/td><td width=\"362\"><p>ROTARU GEORGETA-CRISTINA<\/p><\/td><td width=\"222\"><p>Profesor \u00eenv.primar<\/p><\/td><\/tr><tr><td width=\"58\"><p>28<\/p><\/td><td width=\"362\"><p>\u0218ERBAN MARIA-ALEXANDRA<\/p><\/td><td width=\"222\"><p>Educator<\/p><\/td><\/tr><tr><td width=\"58\"><p>29<\/p><\/td><td width=\"362\"><p>STOICESCU DIANA<\/p><\/td><td width=\"222\"><p>Profesor<\/p><\/td><\/tr><tr><td width=\"58\"><p>30<\/p><\/td><td width=\"362\"><p>TANC\u0102U TEREZA<\/p><\/td><td width=\"222\"><p>Profesor<\/p><\/td><\/tr><tr><td width=\"58\"><p>31<\/p><\/td><td width=\"362\"><p>VASILIC\u0102 NICOLETA-OANA<\/p><\/td><td width=\"222\"><p>Profesor<\/p><\/td><\/tr><tr><td width=\"58\"><p>32<\/p><\/td><td width=\"362\"><p>I\u0218VANCA ANTONINA<\/p><\/td><td width=\"222\"><p>Secretar<\/p><\/td><\/tr><tr><td width=\"58\"><p>33<\/p><\/td><td width=\"362\"><p>TOMULESCU ALINA<\/p><\/td><td width=\"222\"><p>Bibliotecar<\/p><\/td><\/tr><tr><td width=\"58\"><p>34<\/p><\/td><td width=\"362\"><p>JITARU ION<\/p><\/td><td width=\"222\"><p>Muncitor<\/p><\/td><\/tr><tr><td width=\"58\"><p>35<\/p><\/td><td width=\"362\"><p>FARCA\u0218-GHERGHINA REMUS<\/p><\/td><td width=\"222\"><p>Muncitor<\/p><\/td><\/tr><tr><td width=\"58\"><p>36<\/p><\/td><td width=\"362\"><p>FARCA\u0218-MEZEI MARIA<\/p><\/td><td width=\"222\"><p>\u00cengrijitor<\/p><\/td><\/tr><tr><td width=\"58\"><p>37<\/p><\/td><td width=\"362\"><p>GHIURCA CRISTINA<\/p><\/td><td width=\"222\"><p>\u00cengrijitor<\/p><\/td><\/tr><tr><td width=\"58\"><p>38<\/p><\/td><td width=\"362\"><p>BALAN AGNEZA<\/p><\/td><td width=\"222\"><p>\u00cengrijitor<\/p><\/td><\/tr><tr><td width=\"58\"><p>39<\/p><\/td><td width=\"362\"><p>DUMA-PORONDI MARIA<\/p><\/td><td width=\"222\"><p>\u00cengrijitor<\/p><\/td><\/tr><tr><td width=\"58\"><p>40<\/p><\/td><td width=\"362\"><p>PETRE CRISTINA<\/p><\/td><td width=\"222\"><p>\u00cengrijitor<\/p><\/td><\/tr><tr><td width=\"58\"><p>41<\/p><\/td><td width=\"362\"><p>GHERGHELC\u0102 MIHAIL<\/p><\/td><td width=\"222\"><p>Muncitor<\/p><\/td><\/tr><\/tbody><\/table>\t\t\t\t\t\t\t\t<\/div>\n\t\t\t\t<\/div>\n\t\t\t\t\t<\/div>\n\t\t<\/div>\n\t\t\t\t\t<\/div>\n\t\t<\/section>\n\t\t\t\t<\/div>\n\t\t","protected":false},"excerpt":{"rendered":"<p>PERSONAJUL ANGAJAT AL \u015eCOLII GIMNAZIALE NR.1 FARAOANI Declara\u021bi Interese Cadre Didactice Nr.crt. Numele \u0219i prenumele Func\u021bia 1 ARUCSANDEI M ANA-MIRELA Profesor 2 BALAN MARIANA Profesor 3 B\u00ceRA CONSTANTIN Profesor 4 BIRO RITA Profesor 5 CADAR EMILIANA Profesor \u00eenv.primar 6 CICEO MIHAELA Educator 7 CIOCOIU ELENA Profesor \u00eenv.primar 8 COMAN LENUTA Profesor 9 COCHIOR-PLE\u0218CAN FELICIA Profesor&nbsp;&hellip;<\/p>\n","protected":false},"author":1,"featured_media":0,"parent":0,"menu_order":0,"comment_status":"closed","ping_status":"closed","template":"","meta":{"rop_custom_images_group":[],"rop_custom_messages_group":[],"rop_publish_now":"initial","rop_publish_now_accounts":[],"rop_publish_now_history":[],"rop_publish_now_status":"pending","_monsterinsights_skip_tracking":false,"_monsterinsights_sitenote_active":false,"_monsterinsights_sitenote_note":"","_monsterinsights_sitenote_category":0,"footnotes":""},"class_list":["post-170","page","type-page","status-publish","hentry"],"yoast_head":"<!-- This site is optimized with the Yoast SEO plugin v27.4 - https:\/\/yoast.com\/product\/yoast-seo-wordpress\/ -->\n<title>Personal - \u0218coala Gimnazial\u0103 Nr.1 Faraoani<\/title>\n<meta name=\"robots\" content=\"index, follow, max-snippet:-1, max-image-preview:large, max-video-preview:-1\" \/>\n<link rel=\"canonical\" href=\"https:\/\/scoalafaraoani.ro\/?page_id=170\" \/>\n<meta property=\"og:locale\" content=\"en_US\" \/>\n<meta property=\"og:type\" content=\"article\" \/>\n<meta property=\"og:title\" content=\"Personal - \u0218coala Gimnazial\u0103 Nr.1 Faraoani\" \/>\n<meta property=\"og:description\" content=\"PERSONAJUL ANGAJAT AL \u015eCOLII GIMNAZIALE NR.1 FARAOANI Declara\u021bi Interese Cadre Didactice Nr.crt. Numele \u0219i prenumele Func\u021bia 1 ARUCSANDEI M ANA-MIRELA Profesor 2 BALAN MARIANA Profesor 3 B\u00ceRA CONSTANTIN Profesor 4 BIRO RITA Profesor 5 CADAR EMILIANA Profesor \u00eenv.primar 6 CICEO MIHAELA Educator 7 CIOCOIU ELENA Profesor \u00eenv.primar 8 COMAN LENUTA Profesor 9 COCHIOR-PLE\u0218CAN FELICIA Profesor&nbsp;&hellip;\" \/>\n<meta property=\"og:url\" content=\"https:\/\/scoalafaraoani.ro\/?page_id=170\" \/>\n<meta property=\"og:site_name\" content=\"\u0218coala Gimnazial\u0103 Nr.1 Faraoani\" \/>\n<meta property=\"article:modified_time\" content=\"2026-02-17T09:55:38+00:00\" \/>\n<meta name=\"twitter:card\" content=\"summary_large_image\" \/>\n<meta name=\"twitter:label1\" content=\"Est. reading time\" \/>\n\t<meta name=\"twitter:data1\" content=\"1 minute\" \/>\n<script type=\"application\/ld+json\" class=\"yoast-schema-graph\">{\"@context\":\"https:\\\/\\\/schema.org\",\"@graph\":[{\"@type\":\"WebPage\",\"@id\":\"https:\\\/\\\/scoalafaraoani.ro\\\/?page_id=170\",\"url\":\"https:\\\/\\\/scoalafaraoani.ro\\\/?page_id=170\",\"name\":\"Personal - \u0218coala Gimnazial\u0103 Nr.1 Faraoani\",\"isPartOf\":{\"@id\":\"https:\\\/\\\/scoalafaraoani.ro\\\/#website\"},\"datePublished\":\"2021-05-24T14:21:13+00:00\",\"dateModified\":\"2026-02-17T09:55:38+00:00\",\"breadcrumb\":{\"@id\":\"https:\\\/\\\/scoalafaraoani.ro\\\/?page_id=170#breadcrumb\"},\"inLanguage\":\"en-US\",\"potentialAction\":[{\"@type\":\"ReadAction\",\"target\":[\"https:\\\/\\\/scoalafaraoani.ro\\\/?page_id=170\"]}]},{\"@type\":\"BreadcrumbList\",\"@id\":\"https:\\\/\\\/scoalafaraoani.ro\\\/?page_id=170#breadcrumb\",\"itemListElement\":[{\"@type\":\"ListItem\",\"position\":1,\"name\":\"Home\",\"item\":\"https:\\\/\\\/scoalafaraoani.ro\\\/\"},{\"@type\":\"ListItem\",\"position\":2,\"name\":\"Personal\"}]},{\"@type\":\"WebSite\",\"@id\":\"https:\\\/\\\/scoalafaraoani.ro\\\/#website\",\"url\":\"https:\\\/\\\/scoalafaraoani.ro\\\/\",\"name\":\"\u0218coala Gimnazial\u0103 Nr.1 Faraoani\",\"description\":\"\",\"potentialAction\":[{\"@type\":\"SearchAction\",\"target\":{\"@type\":\"EntryPoint\",\"urlTemplate\":\"https:\\\/\\\/scoalafaraoani.ro\\\/?s={search_term_string}\"},\"query-input\":{\"@type\":\"PropertyValueSpecification\",\"valueRequired\":true,\"valueName\":\"search_term_string\"}}],\"inLanguage\":\"en-US\"}]}<\/script>\n<!-- \/ Yoast SEO plugin. -->","yoast_head_json":{"title":"Personal - \u0218coala Gimnazial\u0103 Nr.1 Faraoani","robots":{"index":"index","follow":"follow","max-snippet":"max-snippet:-1","max-image-preview":"max-image-preview:large","max-video-preview":"max-video-preview:-1"},"canonical":"https:\/\/scoalafaraoani.ro\/?page_id=170","og_locale":"en_US","og_type":"article","og_title":"Personal - \u0218coala Gimnazial\u0103 Nr.1 Faraoani","og_description":"PERSONAJUL ANGAJAT AL \u015eCOLII GIMNAZIALE NR.1 FARAOANI Declara\u021bi Interese Cadre Didactice Nr.crt. Numele \u0219i prenumele Func\u021bia 1 ARUCSANDEI M ANA-MIRELA Profesor 2 BALAN MARIANA Profesor 3 B\u00ceRA CONSTANTIN Profesor 4 BIRO RITA Profesor 5 CADAR EMILIANA Profesor \u00eenv.primar 6 CICEO MIHAELA Educator 7 CIOCOIU ELENA Profesor \u00eenv.primar 8 COMAN LENUTA Profesor 9 COCHIOR-PLE\u0218CAN FELICIA Profesor&nbsp;&hellip;","og_url":"https:\/\/scoalafaraoani.ro\/?page_id=170","og_site_name":"\u0218coala Gimnazial\u0103 Nr.1 Faraoani","article_modified_time":"2026-02-17T09:55:38+00:00","twitter_card":"summary_large_image","twitter_misc":{"Est. reading time":"1 minute"},"schema":{"@context":"https:\/\/schema.org","@graph":[{"@type":"WebPage","@id":"https:\/\/scoalafaraoani.ro\/?page_id=170","url":"https:\/\/scoalafaraoani.ro\/?page_id=170","name":"Personal - \u0218coala Gimnazial\u0103 Nr.1 Faraoani","isPartOf":{"@id":"https:\/\/scoalafaraoani.ro\/#website"},"datePublished":"2021-05-24T14:21:13+00:00","dateModified":"2026-02-17T09:55:38+00:00","breadcrumb":{"@id":"https:\/\/scoalafaraoani.ro\/?page_id=170#breadcrumb"},"inLanguage":"en-US","potentialAction":[{"@type":"ReadAction","target":["https:\/\/scoalafaraoani.ro\/?page_id=170"]}]},{"@type":"BreadcrumbList","@id":"https:\/\/scoalafaraoani.ro\/?page_id=170#breadcrumb","itemListElement":[{"@type":"ListItem","position":1,"name":"Home","item":"https:\/\/scoalafaraoani.ro\/"},{"@type":"ListItem","position":2,"name":"Personal"}]},{"@type":"WebSite","@id":"https:\/\/scoalafaraoani.ro\/#website","url":"https:\/\/scoalafaraoani.ro\/","name":"\u0218coala Gimnazial\u0103 Nr.1 Faraoani","description":"","potentialAction":[{"@type":"SearchAction","target":{"@type":"EntryPoint","urlTemplate":"https:\/\/scoalafaraoani.ro\/?s={search_term_string}"},"query-input":{"@type":"PropertyValueSpecification","valueRequired":true,"valueName":"search_term_string"}}],"inLanguage":"en-US"}]}},"_links":{"self":[{"href":"https:\/\/scoalafaraoani.ro\/index.php?rest_route=\/wp\/v2\/pages\/170","targetHints":{"allow":["GET"]}}],"collection":[{"href":"https:\/\/scoalafaraoani.ro\/index.php?rest_route=\/wp\/v2\/pages"}],"about":[{"href":"https:\/\/scoalafaraoani.ro\/index.php?rest_route=\/wp\/v2\/types\/page"}],"author":[{"embeddable":true,"href":"https:\/\/scoalafaraoani.ro\/index.php?rest_route=\/wp\/v2\/users\/1"}],"replies":[{"embeddable":true,"href":"https:\/\/scoalafaraoani.ro\/index.php?rest_route=%2Fwp%2Fv2%2Fcomments&post=170"}],"version-history":[{"count":9,"href":"https:\/\/scoalafaraoani.ro\/index.php?rest_route=\/wp\/v2\/pages\/170\/revisions"}],"predecessor-version":[{"id":1327030,"href":"https:\/\/scoalafaraoani.ro\/index.php?rest_route=\/wp\/v2\/pages\/170\/revisions\/1327030"}],"wp:attachment":[{"href":"https:\/\/scoalafaraoani.ro\/index.php?rest_route=%2Fwp%2Fv2%2Fmedia&parent=170"}],"curies":[{"name":"wp","href":"https:\/\/api.w.org\/{rel}","templated":true}]}}