{"id":398,"date":"2021-06-10T11:42:54","date_gmt":"2021-06-10T11:42:54","guid":{"rendered":"https:\/\/scoalafaraoani.ro\/?page_id=398"},"modified":"2021-06-10T11:48:55","modified_gmt":"2021-06-10T11:48:55","slug":"proiecte-educationale","status":"publish","type":"page","link":"https:\/\/scoalafaraoani.ro\/?page_id=398","title":{"rendered":"Proiecte Educa\u021bionale"},"content":{"rendered":"\t\t<div data-elementor-type=\"wp-page\" data-elementor-id=\"398\" class=\"elementor elementor-398\" data-elementor-settings=\"{&quot;ha_cmc_init_switcher&quot;:&quot;no&quot;}\">\n\t\t\t\t\t\t<section class=\"elementor-section elementor-top-section elementor-element elementor-element-a815662 elementor-section-boxed elementor-section-height-default elementor-section-height-default\" data-id=\"a815662\" data-element_type=\"section\" data-settings=\"{&quot;_ha_eqh_enable&quot;:false}\">\n\t\t\t\t\t\t<div class=\"elementor-container elementor-column-gap-default\">\n\t\t\t\t\t<div class=\"elementor-column elementor-col-100 elementor-top-column elementor-element elementor-element-be5eb96\" data-id=\"be5eb96\" data-element_type=\"column\">\n\t\t\t<div class=\"elementor-widget-wrap elementor-element-populated\">\n\t\t\t\t\t\t<div class=\"elementor-element elementor-element-4d526eb elementor-widget elementor-widget-text-editor\" data-id=\"4d526eb\" data-element_type=\"widget\" data-widget_type=\"text-editor.default\">\n\t\t\t\t<div class=\"elementor-widget-container\">\n\t\t\t\t\t\t\t\t\t<div id=\"pf1\" class=\"dp-page-outer\"><div class=\"dp-page-inner\"><div id=\"pg-1pf1\" class=\"pf pg-1w0 pg-1h0\"><div class=\"pc pg-1pc1 pg-1w0 pg-1h0\"><div class=\"c pg-1x0 pg-1y0 pg-1w1 pg-1h0\"><div class=\"t pg-1m0 pg-1x1 pg-1h1 pg-1y1 pg-1ff1 pg-1fs0 pg-1fc0 pg-1sc0 pg-1ls0 pg-1ws0\"><span style=\"color: #008000;\"><strong>PROIECTE EDUCA\u021aIONALE<\/strong><\/span><\/div><div class=\"t pg-1m0 pg-1x2 pg-1h1 pg-1y2 pg-1ff1 pg-1fs0 pg-1fc0 pg-1sc0 pg-1ls0 pg-1ws0\"><span style=\"color: #339966;\">DESF\u0102\u0218URATE \u00ceN ANUL \u0218COLAR 2020 \u2013<span class=\"pg-1ff2\"> 2021 <\/span><\/span><\/div><div class=\"t pg-1m0 pg-1x3 pg-1h2 pg-1y3 pg-1ff3 pg-1fs0 pg-1fc0 pg-1sc0 pg-1ls0 pg-1ws0\"><span style=\"color: #339966;\">Chiar dac\u0103 anul \u0219colar 2020 \u2013<span class=\"pg-1ff4\"> 2021 s-<span class=\"pg-1ff3\">a desf\u0103\u0219urat \u00een condi\u021bii deosebite, o bun\u0103 parte <\/span><\/span><\/span><\/div><div class=\"t pg-1m0 pg-1x4 pg-1h3 pg-1y4 pg-1ff3 pg-1fs0 pg-1fc0 pg-1sc0 pg-1ls0 pg-1ws0\"><span style=\"color: #339966;\">fiind online, proiectele educa\u021bionale nu au lipsit, pentru c\u0103 de ele depinde implicarea elevilor<\/span><\/div><div class=\"t pg-1m0 pg-1x4 pg-1h2 pg-1y5 pg-1ff3 pg-1fs0 pg-1fc0 pg-1sc0 pg-1ls0 pg-1ws0\"><span style=\"color: #339966;\">\u00een tot ceea ce \u00eenseamn\u0103 activit\u0103\u021bi extra\u0219colare.<\/span><\/div><div class=\"t pg-1m0 pg-1x3 pg-1h2 pg-1y6 pg-1ff4 pg-1fs0 pg-1fc0 pg-1sc0 pg-1ls0 pg-1ws0\">\u00a0<\/div><div class=\"t pg-1m0 pg-1x5 pg-1h1 pg-1y7 pg-1ff1 pg-1fs0 pg-1fc0 pg-1sc0 pg-1ls0 pg-1ws0\"><strong>Noi suntem rom\u00e2ni<\/strong><\/div><div class=\"t pg-1m0 pg-1x3 pg-1h2 pg-1y8 pg-1ff3 pg-1fs0 pg-1fc0 pg-1sc0 pg-1ls0 pg-1ws0\">\u00cen perioada noiembrie \u2013 decembrie 2020, pre\u0219colarii de la Gr\u0103dini\u021ba Nr. 1 au<\/div><div class=\"t pg-1m0 pg-1x4 pg-1h2 pg-1y9 pg-1ff3 pg-1fs0 pg-1fc0 pg-1sc0 pg-1ls0 pg-1ws0\">s\u0103rb\u0103torit Ziua Na\u021bional\u0103 a \u021b\u0103rii noastre<span class=\"pg-1ff4\">. Sub coordonarea prof. documentarist Arucsandei <\/span><\/div><div class=\"t pg-1m0 pg-1x4 pg-1h3 pg-1ya pg-1ff3 pg-1fs0 pg-1fc0 pg-1sc0 pg-1ls0 pg-1ws0\">Mirela \u0219i a educatoarelor Ciceo Mihaela \u0219i \u0218erban Alexandra, copiii au avut parte de tot<\/div><div class=\"t pg-1m0 pg-1x4 pg-1h3 pg-1yb pg-1ff3 pg-1fs0 pg-1fc0 pg-1sc0 pg-1ls0 pg-1ws0\">felul de activit\u0103\u021bi dedicate zilei de 1 Decembrie, desf\u0103\u0219urate online. Astfel, au vizionat<\/div><div class=\"t pg-1m0 pg-1x4 pg-1h3 pg-1yc pg-1ff3 pg-1fs0 pg-1fc0 pg-1sc0 pg-1ls0 pg-1ws0\">filmule\u021be cu importan\u021ba Zilei Na\u021bionale \u0219i cu cele mai frumoase locuri de vizitat din \u021bara<\/div><div class=\"t pg-1m0 pg-1x4 pg-1h3 pg-1yd pg-1ff3 pg-1fs0 pg-1fc0 pg-1sc0 pg-1ls0 pg-1ws0\">noastr\u0103, au decorat costume populare, au construit c\u0103su\u021be \u021b\u0103r\u0103ne\u0219ti \u0219i au vizionat\/audiat<\/div><div class=\"t pg-1m0 pg-1x4 pg-1h2 pg-1ye pg-1ff3 pg-1fs0 pg-1fc0 pg-1sc0 pg-1ls0 pg-1ws0\">c\u00e2ntece patriotice.<\/div><div class=\"t pg-1m0 pg-1x3 pg-1h2 pg-1yf pg-1ff4 pg-1fs0 pg-1fc0 pg-1sc0 pg-1ls0 pg-1ws0\">\u00a0<\/div><div class=\"t pg-1m0 pg-1x5 pg-1h1 pg-1y10 pg-1ff1 pg-1fs0 pg-1fc0 pg-1sc0 pg-1ls0 pg-1ws0\"><strong>Emo\u021bii de rom\u00e2na\u0219<\/strong><\/div><div class=\"t pg-1m0 pg-1x3 pg-1h3 pg-1y11 pg-1ff3 pg-1fs0 pg-1fc0 pg-1sc0 pg-1ls0 pg-1ws0\">Tot pentru a marca Ziua Na\u021bional\u0103 a Rom\u00e2niei \u0219i tot online, elevii clasei I, sub<\/div><div class=\"t pg-1m0 pg-1x4 pg-1h3 pg-1y12 pg-1ff3 pg-1fs0 pg-1fc0 pg-1sc0 pg-1ls0 pg-1ws0\">coordonarea \u00eenv. Rotaru Cristina, au participat la activit\u0103\u021bi diverse: vizionarea unor filmule\u021be<\/div><div class=\"t pg-1m0 pg-1x4 pg-1h3 pg-1y13 pg-1ff3 pg-1fs0 pg-1fc0 pg-1sc0 pg-1ls0 pg-1ws0\">cu \u00eensemn\u0103tatea zilei de 1 Decembrie \u0219i cu prezentarea unor costume populare din diferite<\/div><div class=\"t pg-1m0 pg-1x4 pg-1h3 pg-1y14 pg-1ff3 pg-1fs0 pg-1fc0 pg-1sc0 pg-1ls0 pg-1ws0\">zone ale \u021b\u0103rii; au realizat desene cu motive tradi\u021bionale, au confec\u021bionat flori \u0219i inimioare \u00een<\/div><div class=\"t pg-1m0 pg-1x4 pg-1h2 pg-1y15 pg-1ff3 pg-1fs0 pg-1fc0 pg-1sc0 pg-1ls0 pg-1ws0\">culorile drapelului \u0219i au vizionat\/audiat c\u00e2ntece patriotice.<\/div><div class=\"t pg-1m0 pg-1x3 pg-1h2 pg-1y16 pg-1ff4 pg-1fs0 pg-1fc0 pg-1sc0 pg-1ls0 pg-1ws0\">\u00a0<\/div><div class=\"t pg-1m0 pg-1x6 pg-1h1 pg-1y17 pg-1ff1 pg-1fs0 pg-1fc0 pg-1sc0 pg-1ls0 pg-1ws0\"><strong>A\u0219tept\u00e2ndu<span class=\"pg-1ff2\">&#8211;<\/span>l pe Mo\u0219 Cr\u0103ciun<\/strong><\/div><div class=\"t pg-1m0 pg-1x3 pg-1h2 pg-1y18 pg-1ff3 pg-1fs0 pg-1fc0 pg-1sc0 pg-1ls0 pg-1ws0\">\u00cen a doua jum\u0103tate a lunii decembrie 2020, pre\u0219colarii de la Gr\u0103dini\u021ba 1 s<span class=\"pg-1ff4\">&#8211;<\/span>au preg\u0103tit<\/div><div class=\"t pg-1m0 pg-1x4 pg-1h3 pg-1y19 pg-1ff3 pg-1fs0 pg-1fc0 pg-1sc0 pg-1ls0 pg-1ws0\">activ \u0219i tot online pentru marea s\u0103rb\u0103toare a Cr\u0103ciunului. Sub coordonarea prof.<\/div><div class=\"t pg-1m0 pg-1x4 pg-1h2 pg-1y1a pg-1ff4 pg-1fs0 pg-1fc0 pg-1sc0 pg-1ls0 pg-1ws0\">documentarist Arucsandei Mir<span class=\"pg-1ff3\">ela \u0219i a educatoarelor Ciceo Mihaela \u0219i \u0218erban Alexandra, <\/span><\/div><div class=\"t pg-1m0 pg-1x4 pg-1h3 pg-1y1b pg-1ff3 pg-1fs0 pg-1fc0 pg-1sc0 pg-1ls0 pg-1ws0\">copiii au vizionat filmule\u021be cu tradi\u021bii \u0219i obiceiuri de Cr\u0103ciun, au confec\u021bionat podoabe<\/div><div class=\"t pg-1m0 pg-1x4 pg-1h2 pg-1y1c pg-1ff3 pg-1fs0 pg-1fc0 pg-1sc0 pg-1ls0 pg-1ws0\">specifice s\u0103rb\u0103torii \u0219i au reu\u0219it, online, s\u0103 preg\u0103teasc\u0103 poezii \u0219i colinde, realiz\u00e2nd \u00eentr<span class=\"pg-1ff4\">-un alt <\/span><\/div><div class=\"t pg-1m0 pg-1x4 pg-1h2 pg-1y1d pg-1ff4 pg-1fs0 pg-1fc0 pg-1sc0 pg-1ls0 pg-1ws0\">mod clasi<span class=\"pg-1ff3\">ca serbare de Cr\u0103ciun. <\/span><\/div><div class=\"t pg-1m0 pg-1x3 pg-1h2 pg-1y1e pg-1ff4 pg-1fs0 pg-1fc0 pg-1sc0 pg-1ls0 pg-1ws0\">\u00a0<\/div><div class=\"t pg-1m0 pg-1x7 pg-1h1 pg-1y1f pg-1ff1 pg-1fs0 pg-1fc0 pg-1sc0 pg-1ls1 pg-1ws0\"><strong>S\u0103<\/strong><span class=\"pg-1ff2 pg-1ls0\"><strong>&#8211;<\/strong><span class=\"pg-1ff1\"><strong>l cunoa\u0219tem pe Eminescu<\/strong> <\/span><\/span><\/div><div class=\"t pg-1m0 pg-1x3 pg-1h2 pg-1y20 pg-1ff3 pg-1fs0 pg-1fc0 pg-1sc0 pg-1ls0 pg-1ws0\">Pe 15 ianuarie 2021, elevii clasei I, sub coordonarea \u00eenv. Rotaru Cristina, l<span class=\"pg-1ff4\">-au <\/span><\/div><div class=\"t pg-1m0 pg-1x4 pg-1h3 pg-1y21 pg-1ff3 pg-1fs0 pg-1fc0 pg-1sc0 pg-1ls0 pg-1ws0\">s\u0103rb\u0103torit online pe marele poet Mihai Eminescu. Astfel, au vizionat un filmule\u021b cu via\u021ba \u0219i<\/div><div class=\"t pg-1m0 pg-1x4 pg-1h2 pg-1y22 pg-1ff4 pg-1fs0 pg-1fc0 pg-1sc0 pg-1ls0 pg-1ws0\">opera poetului, au audiat poezi<span class=\"pg-1ff3\">i \u0219i c\u00e2ntece f\u0103cute pe versurile poetului, au realizat compozi\u021bii <\/span><\/div><div class=\"t pg-1m0 pg-1x4 pg-1h2 pg-1y23 pg-1ff3 pg-1fs0 pg-1fc0 pg-1sc0 pg-1ls0 pg-1ws0\">plastice cu teme din poeziile lui Eminescu \u0219i au recitat \u0219i memorat poezii \u00eendr\u0103gite.<\/div><div class=\"t pg-1m0 pg-1x3 pg-1h2 pg-1y24 pg-1ff4 pg-1fs0 pg-1fc0 pg-1sc0 pg-1ls0 pg-1ws0\">\u00a0<\/div><\/div><\/div><\/div><\/div><\/div><div id=\"pf2\" class=\"dp-page-outer\"><div class=\"dp-page-inner\"><div id=\"pg-2pf2\" class=\"pf pg-2w0 pg-2h0\"><div class=\"pc pg-2pc2 pg-2w0 pg-2h0\"><div class=\"c pg-2x0 pg-2y0 pg-2w1 pg-2h0\"><div class=\"t pg-2m0 pg-2x1 pg-2h1 pg-2y1 pg-2ff1 pg-2fs0 pg-2fc0 pg-2sc0 pg-2ls0 pg-2ws0\"><strong>Hai s\u0103 d\u0103m m\u00e2n\u0103 cu m\u00e2n\u0103<\/strong><\/div><div class=\"t pg-2m0 pg-2x2 pg-2h2 pg-2y2 pg-2ff3 pg-2fs0 pg-2fc0 pg-2sc0 pg-2ls0 pg-2ws0\">Pe 21 <span class=\"pg-2ff4\">\u2013<\/span> <span class=\"pg-2ff4\">22 ianuarie 2021, pre\u0219colarii de la Gr\u0103dini\u021ba 1 \u0219i elevii clasei a <span class=\"pg-2ff3 pg-2ls1\">III<span class=\"pg-2ls0\">-a de la <\/span><\/span><\/span><\/div><div class=\"t pg-2m0 pg-2x3 pg-2h2 pg-2y3 pg-2ff4 pg-2fs0 pg-2fc0 pg-2sc0 pg-2ls0 pg-2ws0\">\u0218coala 1 Faraoani au marcat, online, \u00eensemn\u0103tatea acestei perioade pentru istoria \u021b\u0103rii<\/div><div class=\"t pg-2m0 pg-2x3 pg-2h2 pg-2y4 pg-2ff3 pg-2fs0 pg-2fc0 pg-2sc0 pg-2ls0 pg-2ws0\">noastre. Sub coordonarea prof. documentarist Arucsandei Mirela, a educatoarelor Ciceo<\/div><div class=\"t pg-2m0 pg-2x3 pg-2h3 pg-2y5 pg-2ff4 pg-2fs0 pg-2fc0 pg-2sc0 pg-2ls0 pg-2ws0\">Mihaela \u0219i \u0218erban Alexandra \u0219i a \u00eenv. Pintilie Oana, copiii au fost antrena\u021bi \u00een diferite<\/div><div class=\"t pg-2m0 pg-2x3 pg-2h3 pg-2y6 pg-2ff4 pg-2fs0 pg-2fc0 pg-2sc0 pg-2ls0 pg-2ws0\">activit\u0103\u021bi. Astfel, au vizionat un filmule\u021b cu informa\u021bii despre Unire, au vizionat un fragment<\/div><div class=\"t pg-2m0 pg-2x3 pg-2h2 pg-2y7 pg-2ff3 pg-2fs0 pg-2fc0 pg-2sc0 pg-2ls0 pg-2ws0\">din piesa de teatru &#8220;<span class=\"pg-2ff5\">Povestea Unirii<span class=\"pg-2ff4\">&#8220;, de Tudor \u0218oimaru, au vizionat un filmule\u021b cu <\/span><\/span><\/div><div class=\"t pg-2m0 pg-2x3 pg-2h2 pg-2y8 pg-2ff3 pg-2fs0 pg-2fc0 pg-2sc0 pg-2ls0 pg-2ws0\">simbolurile Unirii, au audiat &#8220;<span class=\"pg-2ff5\">Hora Unirii<span class=\"pg-2ff4\">&#8221; \u0219i au confec\u021bionat drapele \u0219i obiecte decorative. <\/span><\/span><\/div><div class=\"t pg-2m0 pg-2x2 pg-2h2 pg-2y9 pg-2ff3 pg-2fs0 pg-2fc0 pg-2sc0 pg-2ls0 pg-2ws0\">\u00a0<\/div><div class=\"t pg-2m0 pg-2x4 pg-2h1 pg-2ya pg-2ff2 pg-2fs0 pg-2fc0 pg-2sc0 pg-2ls0 pg-2ws0\"><strong>Din suflet pentru mama<\/strong><\/div><div class=\"t pg-2m0 pg-2x2 pg-2h3 pg-2yb pg-2ff4 pg-2fs0 pg-2fc0 pg-2sc0 pg-2ls0 pg-2ws0\">\u00cen prima s\u0103pt\u0103m\u00e2n\u0103 a lunii martie 2021, elevii clasei I, sub coordonarea \u00eenv. Rotaru<\/div><div class=\"t pg-2m0 pg-2x3 pg-2h3 pg-2yc pg-2ff4 pg-2fs0 pg-2fc0 pg-2sc0 pg-2ls0 pg-2ws0\">Cristina au realizat o expozi\u021bie cu felicit\u0103ri \u0219i m\u0103r\u021bi\u0219oare, precum \u0219i un mic moment artistic<\/div><div class=\"t pg-2m0 pg-2x3 pg-2h2 pg-2yd pg-2ff3 pg-2fs0 pg-2fc0 pg-2sc0 pg-2ls0 pg-2ws0\">cu poezi<span class=\"pg-2ff4\">i \u0219i c\u00e2ntece dedicate mamei. <\/span><\/div><div class=\"t pg-2m0 pg-2x2 pg-2h2 pg-2ye pg-2ff3 pg-2fs0 pg-2fc0 pg-2sc0 pg-2ls0 pg-2ws0\">\u00a0<\/div><div class=\"t pg-2m0 pg-2x5 pg-2h1 pg-2yf pg-2ff1 pg-2fs0 pg-2fc0 pg-2sc0 pg-2ls0 pg-2ws0\"><strong>Ghioceii \u00eemi \u0219optesc c\u00e2t \u00eemi e\u0219ti de drag\u0103<\/strong><\/div><div class=\"t pg-2m0 pg-2x2 pg-2h3 pg-2y10 pg-2ff4 pg-2fs0 pg-2fc0 pg-2sc0 pg-2ls0 pg-2ws0\">\u00cen prima s\u0103pt\u0103m\u00e2n\u0103 a lunii martie 2021, pre\u0219colarii de la Gr\u0103dini\u021ba Nr. 1, sub<\/div><div class=\"t pg-2m0 pg-2x3 pg-2h3 pg-2y11 pg-2ff4 pg-2fs0 pg-2fc0 pg-2sc0 pg-2ls0 pg-2ws0\">coordonarea educatoarelor Ciceo Mihaela \u0219i \u0218erban Alexandra, au realizat o expozi\u021bie cu<\/div><div class=\"t pg-2m0 pg-2x3 pg-2h2 pg-2y12 pg-2ff4 pg-2fs0 pg-2fc0 pg-2sc0 pg-2ls0 pg-2ws0\">felicit\u0103ri \u0219i m\u0103r\u021bi\u0219oare, precum \u0219i un moment artistic cu poezii \u0219i c\u00e2ntece dedicate mamei.<\/div><div class=\"t pg-2m0 pg-2x2 pg-2h2 pg-2y13 pg-2ff3 pg-2fs0 pg-2fc0 pg-2sc0 pg-2ls0 pg-2ws0\">\u00a0<\/div><div class=\"t pg-2m0 pg-2x6 pg-2h1 pg-2y14 pg-2ff1 pg-2fs0 pg-2fc0 pg-2sc0 pg-2ls0 pg-2ws0\"><strong>Cite\u0219ti, deci c\u00e2\u0219tigi<\/strong><\/div><div class=\"t pg-2m0 pg-2x2 pg-2h3 pg-2y15 pg-2ff4 pg-2fs0 pg-2fc0 pg-2sc0 pg-2ls0 pg-2ws0\">La propunerea \u0219i sub coordonarea bibliotecar Habavnic Tereza, elevii din \u0219coala<\/div><div class=\"t pg-2m0 pg-2x3 pg-2h2 pg-2y16 pg-2ff4 pg-2fs0 pg-2fc0 pg-2sc0 pg-2ls0 pg-2ws0\">noastr\u0103 au fost provoca\u021bi la diferite activit\u0103\u021bi de lectur\u0103, urmate de discu\u021b<span class=\"pg-2ff3\">ii pe baza textelor <\/span><\/div><div class=\"t pg-2m0 pg-2x3 pg-2h2 pg-2y17 pg-2ff4 pg-2fs0 pg-2fc0 pg-2sc0 pg-2ls0 pg-2ws0\">citite, precum \u0219i de realizare a unor desene bazate pe operele citite.<\/div><\/div><\/div><\/div><\/div><\/div>\t\t\t\t\t\t\t\t<\/div>\n\t\t\t\t<\/div>\n\t\t\t\t\t<\/div>\n\t\t<\/div>\n\t\t\t\t\t<\/div>\n\t\t<\/section>\n\t\t\t\t<\/div>\n\t\t","protected":false},"excerpt":{"rendered":"<p>PROIECTE EDUCA\u021aIONALEDESF\u0102\u0218URATE \u00ceN ANUL \u0218COLAR 2020 \u2013 2021 Chiar dac\u0103 anul \u0219colar 2020 \u2013 2021 s-a desf\u0103\u0219urat \u00een condi\u021bii deosebite, o bun\u0103 parte fiind online, proiectele educa\u021bionale nu au lipsit, pentru c\u0103 de ele depinde implicarea elevilor\u00een tot ceea ce \u00eenseamn\u0103 activit\u0103\u021bi extra\u0219colare.\u00a0Noi suntem rom\u00e2ni\u00cen perioada noiembrie \u2013 decembrie 2020, pre\u0219colarii de la Gr\u0103dini\u021ba Nr.&nbsp;&hellip;<\/p>\n","protected":false},"author":1,"featured_media":0,"parent":168,"menu_order":0,"comment_status":"closed","ping_status":"closed","template":"","meta":{"rop_custom_images_group":[],"rop_custom_messages_group":[],"rop_publish_now":"initial","rop_publish_now_accounts":[],"rop_publish_now_history":[],"rop_publish_now_status":"pending","_monsterinsights_skip_tracking":false,"_monsterinsights_sitenote_active":false,"_monsterinsights_sitenote_note":"","_monsterinsights_sitenote_category":0,"footnotes":""},"class_list":["post-398","page","type-page","status-publish","hentry"],"yoast_head":"<!-- This site is optimized with the Yoast SEO plugin v27.4 - https:\/\/yoast.com\/product\/yoast-seo-wordpress\/ -->\n<title>Proiecte Educa\u021bionale - \u0218coala Gimnazial\u0103 Nr.1 Faraoani<\/title>\n<meta name=\"robots\" content=\"index, follow, max-snippet:-1, max-image-preview:large, max-video-preview:-1\" \/>\n<link rel=\"canonical\" href=\"https:\/\/scoalafaraoani.ro\/?page_id=398\" \/>\n<meta property=\"og:locale\" content=\"en_US\" \/>\n<meta property=\"og:type\" content=\"article\" \/>\n<meta property=\"og:title\" content=\"Proiecte Educa\u021bionale - \u0218coala Gimnazial\u0103 Nr.1 Faraoani\" \/>\n<meta property=\"og:description\" content=\"PROIECTE EDUCA\u021aIONALEDESF\u0102\u0218URATE \u00ceN ANUL \u0218COLAR 2020 \u2013 2021 Chiar dac\u0103 anul \u0219colar 2020 \u2013 2021 s-a desf\u0103\u0219urat \u00een condi\u021bii deosebite, o bun\u0103 parte fiind online, proiectele educa\u021bionale nu au lipsit, pentru c\u0103 de ele depinde implicarea elevilor\u00een tot ceea ce \u00eenseamn\u0103 activit\u0103\u021bi extra\u0219colare.\u00a0Noi suntem rom\u00e2ni\u00cen perioada noiembrie \u2013 decembrie 2020, pre\u0219colarii de la Gr\u0103dini\u021ba Nr.&nbsp;&hellip;\" \/>\n<meta property=\"og:url\" content=\"https:\/\/scoalafaraoani.ro\/?page_id=398\" \/>\n<meta property=\"og:site_name\" content=\"\u0218coala Gimnazial\u0103 Nr.1 Faraoani\" \/>\n<meta property=\"article:modified_time\" content=\"2021-06-10T11:48:55+00:00\" \/>\n<meta name=\"twitter:card\" content=\"summary_large_image\" \/>\n<meta name=\"twitter:label1\" content=\"Est. reading time\" \/>\n\t<meta name=\"twitter:data1\" content=\"3 minutes\" \/>\n<script type=\"application\/ld+json\" class=\"yoast-schema-graph\">{\"@context\":\"https:\\\/\\\/schema.org\",\"@graph\":[{\"@type\":\"WebPage\",\"@id\":\"https:\\\/\\\/scoalafaraoani.ro\\\/?page_id=398\",\"url\":\"https:\\\/\\\/scoalafaraoani.ro\\\/?page_id=398\",\"name\":\"Proiecte Educa\u021bionale - \u0218coala Gimnazial\u0103 Nr.1 Faraoani\",\"isPartOf\":{\"@id\":\"https:\\\/\\\/scoalafaraoani.ro\\\/#website\"},\"datePublished\":\"2021-06-10T11:42:54+00:00\",\"dateModified\":\"2021-06-10T11:48:55+00:00\",\"breadcrumb\":{\"@id\":\"https:\\\/\\\/scoalafaraoani.ro\\\/?page_id=398#breadcrumb\"},\"inLanguage\":\"en-US\",\"potentialAction\":[{\"@type\":\"ReadAction\",\"target\":[\"https:\\\/\\\/scoalafaraoani.ro\\\/?page_id=398\"]}]},{\"@type\":\"BreadcrumbList\",\"@id\":\"https:\\\/\\\/scoalafaraoani.ro\\\/?page_id=398#breadcrumb\",\"itemListElement\":[{\"@type\":\"ListItem\",\"position\":1,\"name\":\"Home\",\"item\":\"https:\\\/\\\/scoalafaraoani.ro\\\/\"},{\"@type\":\"ListItem\",\"position\":2,\"name\":\"Activit\u0103\u021bi\",\"item\":\"https:\\\/\\\/scoalafaraoani.ro\\\/?page_id=168\"},{\"@type\":\"ListItem\",\"position\":3,\"name\":\"Proiecte Educa\u021bionale\"}]},{\"@type\":\"WebSite\",\"@id\":\"https:\\\/\\\/scoalafaraoani.ro\\\/#website\",\"url\":\"https:\\\/\\\/scoalafaraoani.ro\\\/\",\"name\":\"\u0218coala Gimnazial\u0103 Nr.1 Faraoani\",\"description\":\"\",\"potentialAction\":[{\"@type\":\"SearchAction\",\"target\":{\"@type\":\"EntryPoint\",\"urlTemplate\":\"https:\\\/\\\/scoalafaraoani.ro\\\/?s={search_term_string}\"},\"query-input\":{\"@type\":\"PropertyValueSpecification\",\"valueRequired\":true,\"valueName\":\"search_term_string\"}}],\"inLanguage\":\"en-US\"}]}<\/script>\n<!-- \/ Yoast SEO plugin. -->","yoast_head_json":{"title":"Proiecte Educa\u021bionale - \u0218coala Gimnazial\u0103 Nr.1 Faraoani","robots":{"index":"index","follow":"follow","max-snippet":"max-snippet:-1","max-image-preview":"max-image-preview:large","max-video-preview":"max-video-preview:-1"},"canonical":"https:\/\/scoalafaraoani.ro\/?page_id=398","og_locale":"en_US","og_type":"article","og_title":"Proiecte Educa\u021bionale - \u0218coala Gimnazial\u0103 Nr.1 Faraoani","og_description":"PROIECTE EDUCA\u021aIONALEDESF\u0102\u0218URATE \u00ceN ANUL \u0218COLAR 2020 \u2013 2021 Chiar dac\u0103 anul \u0219colar 2020 \u2013 2021 s-a desf\u0103\u0219urat \u00een condi\u021bii deosebite, o bun\u0103 parte fiind online, proiectele educa\u021bionale nu au lipsit, pentru c\u0103 de ele depinde implicarea elevilor\u00een tot ceea ce \u00eenseamn\u0103 activit\u0103\u021bi extra\u0219colare.\u00a0Noi suntem rom\u00e2ni\u00cen perioada noiembrie \u2013 decembrie 2020, pre\u0219colarii de la Gr\u0103dini\u021ba Nr.&nbsp;&hellip;","og_url":"https:\/\/scoalafaraoani.ro\/?page_id=398","og_site_name":"\u0218coala Gimnazial\u0103 Nr.1 Faraoani","article_modified_time":"2021-06-10T11:48:55+00:00","twitter_card":"summary_large_image","twitter_misc":{"Est. reading time":"3 minutes"},"schema":{"@context":"https:\/\/schema.org","@graph":[{"@type":"WebPage","@id":"https:\/\/scoalafaraoani.ro\/?page_id=398","url":"https:\/\/scoalafaraoani.ro\/?page_id=398","name":"Proiecte Educa\u021bionale - \u0218coala Gimnazial\u0103 Nr.1 Faraoani","isPartOf":{"@id":"https:\/\/scoalafaraoani.ro\/#website"},"datePublished":"2021-06-10T11:42:54+00:00","dateModified":"2021-06-10T11:48:55+00:00","breadcrumb":{"@id":"https:\/\/scoalafaraoani.ro\/?page_id=398#breadcrumb"},"inLanguage":"en-US","potentialAction":[{"@type":"ReadAction","target":["https:\/\/scoalafaraoani.ro\/?page_id=398"]}]},{"@type":"BreadcrumbList","@id":"https:\/\/scoalafaraoani.ro\/?page_id=398#breadcrumb","itemListElement":[{"@type":"ListItem","position":1,"name":"Home","item":"https:\/\/scoalafaraoani.ro\/"},{"@type":"ListItem","position":2,"name":"Activit\u0103\u021bi","item":"https:\/\/scoalafaraoani.ro\/?page_id=168"},{"@type":"ListItem","position":3,"name":"Proiecte Educa\u021bionale"}]},{"@type":"WebSite","@id":"https:\/\/scoalafaraoani.ro\/#website","url":"https:\/\/scoalafaraoani.ro\/","name":"\u0218coala Gimnazial\u0103 Nr.1 Faraoani","description":"","potentialAction":[{"@type":"SearchAction","target":{"@type":"EntryPoint","urlTemplate":"https:\/\/scoalafaraoani.ro\/?s={search_term_string}"},"query-input":{"@type":"PropertyValueSpecification","valueRequired":true,"valueName":"search_term_string"}}],"inLanguage":"en-US"}]}},"_links":{"self":[{"href":"https:\/\/scoalafaraoani.ro\/index.php?rest_route=\/wp\/v2\/pages\/398","targetHints":{"allow":["GET"]}}],"collection":[{"href":"https:\/\/scoalafaraoani.ro\/index.php?rest_route=\/wp\/v2\/pages"}],"about":[{"href":"https:\/\/scoalafaraoani.ro\/index.php?rest_route=\/wp\/v2\/types\/page"}],"author":[{"embeddable":true,"href":"https:\/\/scoalafaraoani.ro\/index.php?rest_route=\/wp\/v2\/users\/1"}],"replies":[{"embeddable":true,"href":"https:\/\/scoalafaraoani.ro\/index.php?rest_route=%2Fwp%2Fv2%2Fcomments&post=398"}],"version-history":[{"count":0,"href":"https:\/\/scoalafaraoani.ro\/index.php?rest_route=\/wp\/v2\/pages\/398\/revisions"}],"up":[{"embeddable":true,"href":"https:\/\/scoalafaraoani.ro\/index.php?rest_route=\/wp\/v2\/pages\/168"}],"wp:attachment":[{"href":"https:\/\/scoalafaraoani.ro\/index.php?rest_route=%2Fwp%2Fv2%2Fmedia&parent=398"}],"curies":[{"name":"wp","href":"https:\/\/api.w.org\/{rel}","templated":true}]}}