{"id":845,"date":"2022-05-31T18:37:26","date_gmt":"2022-05-31T18:37:26","guid":{"rendered":"https:\/\/scoalafaraoani.ro\/?page_id=845"},"modified":"2024-03-28T11:20:02","modified_gmt":"2024-03-28T11:20:02","slug":"noutati","status":"publish","type":"page","link":"https:\/\/scoalafaraoani.ro\/?page_id=845","title":{"rendered":"Nout\u0103\u021bi"},"content":{"rendered":"\t\t<div data-elementor-type=\"wp-page\" data-elementor-id=\"845\" class=\"elementor elementor-845\" data-elementor-settings=\"{&quot;ha_cmc_init_switcher&quot;:&quot;no&quot;}\">\n\t\t\t\t\t\t<section class=\"elementor-section elementor-top-section elementor-element elementor-element-4ed15130 elementor-section-content-middle elementor-section-height-min-height elementor-section-boxed elementor-section-height-default elementor-section-items-middle\" data-id=\"4ed15130\" data-element_type=\"section\" data-settings=\"{&quot;background_background&quot;:&quot;classic&quot;,&quot;_ha_eqh_enable&quot;:false}\">\n\t\t\t\t\t\t\t<div class=\"elementor-background-overlay\"><\/div>\n\t\t\t\t\t\t\t<div class=\"elementor-container elementor-column-gap-default\">\n\t\t\t\t\t<div class=\"elementor-column elementor-col-100 elementor-top-column elementor-element elementor-element-10b8554b\" data-id=\"10b8554b\" data-element_type=\"column\">\n\t\t\t<div class=\"elementor-widget-wrap elementor-element-populated\">\n\t\t\t\t\t\t<div class=\"elementor-element elementor-element-1890a5b4 elementor-invisible elementor-widget elementor-widget-heading\" data-id=\"1890a5b4\" data-element_type=\"widget\" data-settings=\"{&quot;_animation&quot;:&quot;zoomIn&quot;}\" data-widget_type=\"heading.default\">\n\t\t\t\t<div class=\"elementor-widget-container\">\n\t\t\t\t\t<h1 class=\"elementor-heading-title elementor-size-default\">\u00censcriere la clasa preg\u0103titoare \u00een anul \u0219colar 2024-2025<\/h1>\t\t\t\t<\/div>\n\t\t\t\t<\/div>\n\t\t\t\t<div class=\"elementor-element elementor-element-96ccabb elementor-invisible elementor-widget elementor-widget-heading\" data-id=\"96ccabb\" data-element_type=\"widget\" data-settings=\"{&quot;_animation&quot;:&quot;zoomIn&quot;}\" data-widget_type=\"heading.default\">\n\t\t\t\t<div class=\"elementor-widget-container\">\n\t\t\t\t\t<h1 class=\"elementor-heading-title elementor-size-default\">\u0219coala gimnazial\u0103 nr1 faraoani<br><i>num\u0103r clase aprobate:1<\/i><br><i>num\u0103r elevi : 13<\/i><\/h1>\t\t\t\t<\/div>\n\t\t\t\t<\/div>\n\t\t\t\t<div class=\"elementor-element elementor-element-6b20f4c elementor-invisible elementor-widget elementor-widget-heading\" data-id=\"6b20f4c\" data-element_type=\"widget\" data-settings=\"{&quot;_animation&quot;:&quot;zoomIn&quot;}\" data-widget_type=\"heading.default\">\n\t\t\t\t<div class=\"elementor-widget-container\">\n\t\t\t\t\t<h1 class=\"elementor-heading-title elementor-size-default\">\u0219coala gimnazial\u0103 nr2 faraoani<br><i>num\u0103r clase aprobate:1<\/i><br><i>num\u0103r elevi : 12<\/i><\/h1>\t\t\t\t<\/div>\n\t\t\t\t<\/div>\n\t\t\t\t\t<\/div>\n\t\t<\/div>\n\t\t\t\t\t<\/div>\n\t\t<\/section>\n\t\t\t\t<section class=\"elementor-section elementor-top-section elementor-element elementor-element-7618765 elementor-section-boxed elementor-section-height-default elementor-section-height-default\" data-id=\"7618765\" data-element_type=\"section\" data-settings=\"{&quot;_ha_eqh_enable&quot;:false}\">\n\t\t\t\t\t\t<div class=\"elementor-container elementor-column-gap-default\">\n\t\t\t\t\t<div class=\"elementor-column elementor-col-100 elementor-top-column elementor-element elementor-element-459d309\" data-id=\"459d309\" data-element_type=\"column\">\n\t\t\t<div class=\"elementor-widget-wrap elementor-element-populated\">\n\t\t\t\t\t\t<div class=\"elementor-element elementor-element-4582637 elementor-widget elementor-widget-spacer\" data-id=\"4582637\" data-element_type=\"widget\" data-widget_type=\"spacer.default\">\n\t\t\t\t<div class=\"elementor-widget-container\">\n\t\t\t\t\t\t\t<div class=\"elementor-spacer\">\n\t\t\t<div class=\"elementor-spacer-inner\"><\/div>\n\t\t<\/div>\n\t\t\t\t\t\t<\/div>\n\t\t\t\t<\/div>\n\t\t\t\t\t<\/div>\n\t\t<\/div>\n\t\t\t\t\t<\/div>\n\t\t<\/section>\n\t\t\t\t<section class=\"elementor-section elementor-top-section elementor-element elementor-element-41ea5dd elementor-section-boxed elementor-section-height-default elementor-section-height-default\" data-id=\"41ea5dd\" data-element_type=\"section\" data-settings=\"{&quot;_ha_eqh_enable&quot;:false}\">\n\t\t\t\t\t\t<div class=\"elementor-container elementor-column-gap-default\">\n\t\t\t\t\t<div class=\"elementor-column elementor-col-100 elementor-top-column elementor-element elementor-element-6f3ffdd\" data-id=\"6f3ffdd\" data-element_type=\"column\">\n\t\t\t<div class=\"elementor-widget-wrap elementor-element-populated\">\n\t\t\t\t\t\t<div class=\"elementor-element elementor-element-de65e3d elementor-widget elementor-widget-heading\" data-id=\"de65e3d\" data-element_type=\"widget\" data-widget_type=\"heading.default\">\n\t\t\t\t<div class=\"elementor-widget-container\">\n\t\t\t\t\t<h4 class=\"elementor-heading-title elementor-size-default\">LISTA CATEDRELOR_POSTURILOR VACANTE_REZERVATE_COMPLETE SI INCOMPLETE_JUDET BACAU_AN SCOLAR 2024-2025 \u0218coala Gimnazial\u0103 Nr.1 Faraoani<\/h4>\t\t\t\t<\/div>\n\t\t\t\t<\/div>\n\t\t\t\t\t<\/div>\n\t\t<\/div>\n\t\t\t\t\t<\/div>\n\t\t<\/section>\n\t\t\t\t<section class=\"elementor-section elementor-top-section elementor-element elementor-element-7fe6490 elementor-section-boxed elementor-section-height-default elementor-section-height-default\" data-id=\"7fe6490\" data-element_type=\"section\" data-settings=\"{&quot;_ha_eqh_enable&quot;:false}\">\n\t\t\t\t\t\t<div class=\"elementor-container elementor-column-gap-default\">\n\t\t\t\t\t<div class=\"elementor-column elementor-col-100 elementor-top-column elementor-element elementor-element-aff9ce4\" data-id=\"aff9ce4\" data-element_type=\"column\">\n\t\t\t<div class=\"elementor-widget-wrap elementor-element-populated\">\n\t\t\t\t\t\t<div class=\"elementor-element elementor-element-df4097c elementor-button-danger elementor-align-center elementor-widget elementor-widget-button\" data-id=\"df4097c\" data-element_type=\"widget\" data-widget_type=\"button.default\">\n\t\t\t\t<div class=\"elementor-widget-container\">\n\t\t\t\t\t\t\t\t\t<div class=\"elementor-button-wrapper\">\n\t\t\t\t\t<a class=\"elementor-button elementor-button-link elementor-size-sm\" href=\"http:\/\/scoalafaraoani.ro\/wp-content\/uploads\/2024\/03\/LISTA-CATEDRELOR_POSTURILOR-VACANTE_REZERVATE_COMPLETE-SI-INCOMPLETE_JUDET-BACAU_AN-SCOLAR-2024-2025.xls\">\n\t\t\t\t\t\t<span class=\"elementor-button-content-wrapper\">\n\t\t\t\t\t\t\t\t\t<span class=\"elementor-button-text\">Descarc\u0103 Lista<\/span>\n\t\t\t\t\t<\/span>\n\t\t\t\t\t<\/a>\n\t\t\t\t<\/div>\n\t\t\t\t\t\t\t\t<\/div>\n\t\t\t\t<\/div>\n\t\t\t\t\t<\/div>\n\t\t<\/div>\n\t\t\t\t\t<\/div>\n\t\t<\/section>\n\t\t\t\t<\/div>\n\t\t","protected":false},"excerpt":{"rendered":"<p>\u00censcriere la clasa preg\u0103titoare \u00een anul \u0219colar 2024-2025 \u0219coala gimnazial\u0103 nr1 faraoaninum\u0103r clase aprobate:1num\u0103r elevi : 13 \u0219coala gimnazial\u0103 nr2 faraoaninum\u0103r clase aprobate:1num\u0103r elevi : 12 LISTA CATEDRELOR_POSTURILOR VACANTE_REZERVATE_COMPLETE SI INCOMPLETE_JUDET BACAU_AN SCOLAR 2024-2025 \u0218coala Gimnazial\u0103 Nr.1 Faraoani Descarc\u0103 Lista<\/p>\n","protected":false},"author":1,"featured_media":0,"parent":0,"menu_order":0,"comment_status":"closed","ping_status":"closed","template":"","meta":{"rop_custom_images_group":[],"rop_custom_messages_group":[],"rop_publish_now":"initial","rop_publish_now_accounts":[],"rop_publish_now_history":[],"rop_publish_now_status":"pending","_monsterinsights_skip_tracking":false,"_monsterinsights_sitenote_active":false,"_monsterinsights_sitenote_note":"","_monsterinsights_sitenote_category":0,"footnotes":""},"class_list":["post-845","page","type-page","status-publish","hentry"],"yoast_head":"<!-- This site is optimized with the Yoast SEO plugin v27.4 - https:\/\/yoast.com\/product\/yoast-seo-wordpress\/ -->\n<title>Nout\u0103\u021bi - \u0218coala Gimnazial\u0103 Nr.1 Faraoani<\/title>\n<meta name=\"robots\" content=\"index, follow, max-snippet:-1, max-image-preview:large, max-video-preview:-1\" \/>\n<link rel=\"canonical\" href=\"https:\/\/scoalafaraoani.ro\/?page_id=845\" \/>\n<meta property=\"og:locale\" content=\"en_US\" \/>\n<meta property=\"og:type\" content=\"article\" \/>\n<meta property=\"og:title\" content=\"Nout\u0103\u021bi - \u0218coala Gimnazial\u0103 Nr.1 Faraoani\" \/>\n<meta property=\"og:description\" content=\"\u00censcriere la clasa preg\u0103titoare \u00een anul \u0219colar 2024-2025 \u0219coala gimnazial\u0103 nr1 faraoaninum\u0103r clase aprobate:1num\u0103r elevi : 13 \u0219coala gimnazial\u0103 nr2 faraoaninum\u0103r clase aprobate:1num\u0103r elevi : 12 LISTA CATEDRELOR_POSTURILOR VACANTE_REZERVATE_COMPLETE SI INCOMPLETE_JUDET BACAU_AN SCOLAR 2024-2025 \u0218coala Gimnazial\u0103 Nr.1 Faraoani Descarc\u0103 Lista\" \/>\n<meta property=\"og:url\" content=\"https:\/\/scoalafaraoani.ro\/?page_id=845\" \/>\n<meta property=\"og:site_name\" content=\"\u0218coala Gimnazial\u0103 Nr.1 Faraoani\" \/>\n<meta property=\"article:modified_time\" content=\"2024-03-28T11:20:02+00:00\" \/>\n<meta name=\"twitter:card\" content=\"summary_large_image\" \/>\n<meta name=\"twitter:label1\" content=\"Est. reading time\" \/>\n\t<meta name=\"twitter:data1\" content=\"1 minute\" \/>\n<script type=\"application\/ld+json\" class=\"yoast-schema-graph\">{\"@context\":\"https:\\\/\\\/schema.org\",\"@graph\":[{\"@type\":\"WebPage\",\"@id\":\"https:\\\/\\\/scoalafaraoani.ro\\\/?page_id=845\",\"url\":\"https:\\\/\\\/scoalafaraoani.ro\\\/?page_id=845\",\"name\":\"Nout\u0103\u021bi - \u0218coala Gimnazial\u0103 Nr.1 Faraoani\",\"isPartOf\":{\"@id\":\"https:\\\/\\\/scoalafaraoani.ro\\\/#website\"},\"datePublished\":\"2022-05-31T18:37:26+00:00\",\"dateModified\":\"2024-03-28T11:20:02+00:00\",\"breadcrumb\":{\"@id\":\"https:\\\/\\\/scoalafaraoani.ro\\\/?page_id=845#breadcrumb\"},\"inLanguage\":\"en-US\",\"potentialAction\":[{\"@type\":\"ReadAction\",\"target\":[\"https:\\\/\\\/scoalafaraoani.ro\\\/?page_id=845\"]}]},{\"@type\":\"BreadcrumbList\",\"@id\":\"https:\\\/\\\/scoalafaraoani.ro\\\/?page_id=845#breadcrumb\",\"itemListElement\":[{\"@type\":\"ListItem\",\"position\":1,\"name\":\"Home\",\"item\":\"https:\\\/\\\/scoalafaraoani.ro\\\/\"},{\"@type\":\"ListItem\",\"position\":2,\"name\":\"Nout\u0103\u021bi\"}]},{\"@type\":\"WebSite\",\"@id\":\"https:\\\/\\\/scoalafaraoani.ro\\\/#website\",\"url\":\"https:\\\/\\\/scoalafaraoani.ro\\\/\",\"name\":\"\u0218coala Gimnazial\u0103 Nr.1 Faraoani\",\"description\":\"\",\"potentialAction\":[{\"@type\":\"SearchAction\",\"target\":{\"@type\":\"EntryPoint\",\"urlTemplate\":\"https:\\\/\\\/scoalafaraoani.ro\\\/?s={search_term_string}\"},\"query-input\":{\"@type\":\"PropertyValueSpecification\",\"valueRequired\":true,\"valueName\":\"search_term_string\"}}],\"inLanguage\":\"en-US\"}]}<\/script>\n<!-- \/ Yoast SEO plugin. -->","yoast_head_json":{"title":"Nout\u0103\u021bi - \u0218coala Gimnazial\u0103 Nr.1 Faraoani","robots":{"index":"index","follow":"follow","max-snippet":"max-snippet:-1","max-image-preview":"max-image-preview:large","max-video-preview":"max-video-preview:-1"},"canonical":"https:\/\/scoalafaraoani.ro\/?page_id=845","og_locale":"en_US","og_type":"article","og_title":"Nout\u0103\u021bi - \u0218coala Gimnazial\u0103 Nr.1 Faraoani","og_description":"\u00censcriere la clasa preg\u0103titoare \u00een anul \u0219colar 2024-2025 \u0219coala gimnazial\u0103 nr1 faraoaninum\u0103r clase aprobate:1num\u0103r elevi : 13 \u0219coala gimnazial\u0103 nr2 faraoaninum\u0103r clase aprobate:1num\u0103r elevi : 12 LISTA CATEDRELOR_POSTURILOR VACANTE_REZERVATE_COMPLETE SI INCOMPLETE_JUDET BACAU_AN SCOLAR 2024-2025 \u0218coala Gimnazial\u0103 Nr.1 Faraoani Descarc\u0103 Lista","og_url":"https:\/\/scoalafaraoani.ro\/?page_id=845","og_site_name":"\u0218coala Gimnazial\u0103 Nr.1 Faraoani","article_modified_time":"2024-03-28T11:20:02+00:00","twitter_card":"summary_large_image","twitter_misc":{"Est. reading time":"1 minute"},"schema":{"@context":"https:\/\/schema.org","@graph":[{"@type":"WebPage","@id":"https:\/\/scoalafaraoani.ro\/?page_id=845","url":"https:\/\/scoalafaraoani.ro\/?page_id=845","name":"Nout\u0103\u021bi - \u0218coala Gimnazial\u0103 Nr.1 Faraoani","isPartOf":{"@id":"https:\/\/scoalafaraoani.ro\/#website"},"datePublished":"2022-05-31T18:37:26+00:00","dateModified":"2024-03-28T11:20:02+00:00","breadcrumb":{"@id":"https:\/\/scoalafaraoani.ro\/?page_id=845#breadcrumb"},"inLanguage":"en-US","potentialAction":[{"@type":"ReadAction","target":["https:\/\/scoalafaraoani.ro\/?page_id=845"]}]},{"@type":"BreadcrumbList","@id":"https:\/\/scoalafaraoani.ro\/?page_id=845#breadcrumb","itemListElement":[{"@type":"ListItem","position":1,"name":"Home","item":"https:\/\/scoalafaraoani.ro\/"},{"@type":"ListItem","position":2,"name":"Nout\u0103\u021bi"}]},{"@type":"WebSite","@id":"https:\/\/scoalafaraoani.ro\/#website","url":"https:\/\/scoalafaraoani.ro\/","name":"\u0218coala Gimnazial\u0103 Nr.1 Faraoani","description":"","potentialAction":[{"@type":"SearchAction","target":{"@type":"EntryPoint","urlTemplate":"https:\/\/scoalafaraoani.ro\/?s={search_term_string}"},"query-input":{"@type":"PropertyValueSpecification","valueRequired":true,"valueName":"search_term_string"}}],"inLanguage":"en-US"}]}},"_links":{"self":[{"href":"https:\/\/scoalafaraoani.ro\/index.php?rest_route=\/wp\/v2\/pages\/845","targetHints":{"allow":["GET"]}}],"collection":[{"href":"https:\/\/scoalafaraoani.ro\/index.php?rest_route=\/wp\/v2\/pages"}],"about":[{"href":"https:\/\/scoalafaraoani.ro\/index.php?rest_route=\/wp\/v2\/types\/page"}],"author":[{"embeddable":true,"href":"https:\/\/scoalafaraoani.ro\/index.php?rest_route=\/wp\/v2\/users\/1"}],"replies":[{"embeddable":true,"href":"https:\/\/scoalafaraoani.ro\/index.php?rest_route=%2Fwp%2Fv2%2Fcomments&post=845"}],"version-history":[{"count":10,"href":"https:\/\/scoalafaraoani.ro\/index.php?rest_route=\/wp\/v2\/pages\/845\/revisions"}],"predecessor-version":[{"id":1326822,"href":"https:\/\/scoalafaraoani.ro\/index.php?rest_route=\/wp\/v2\/pages\/845\/revisions\/1326822"}],"wp:attachment":[{"href":"https:\/\/scoalafaraoani.ro\/index.php?rest_route=%2Fwp%2Fv2%2Fmedia&parent=845"}],"curies":[{"name":"wp","href":"https:\/\/api.w.org\/{rel}","templated":true}]}}